{"id":1746,"date":"2025-08-21T10:55:05","date_gmt":"2025-08-21T08:55:05","guid":{"rendered":"https:\/\/staging.mosdorfer.com\/impressum\/"},"modified":"2025-08-21T10:55:05","modified_gmt":"2025-08-21T08:55:05","slug":"impressum","status":"publish","type":"page","link":"https:\/\/staging.mosdorfer.com\/en\/impressum\/","title":{"rendered":"Impressum"},"content":{"rendered":"\n<h2 class=\"wp-block-heading\">Angaben lt. \u00a7ECG<\/h2>\n\n\n\n<p><strong>Firmenname&nbsp;&nbsp;&nbsp;&nbsp;<\/strong><br>Mosdorfer GmbH<\/p>\n\n\n\n<p><strong>Adresse&nbsp;&nbsp;<\/strong><br>Mosdorfergasse 1, 8160 Weiz<\/p>\n\n\n\n<p><strong>Firmenbuchnummer<br><\/strong>65861 f<strong><\/strong><\/p>\n\n\n\n<p><strong>Gericht<\/strong><br>Landesgericht f\u00fcr Zivilrechtssachen Graz<\/p>\n\n\n\n<p><strong>UID Nummer:<\/strong><br>ATU30573705<\/p>\n\n\n\n<p><strong>GLN<\/strong>&nbsp;(der \u00f6ffentlichen Verwaltung)<br>9110015394429<\/p>\n\n\n\n<p><strong>Beh\u00f6rde gem. ECG<\/strong>&nbsp;(E-Commerce Gesetz)<br>Bezirkshauptmannschaft Weiz<\/p>\n\n\n\n<p><a href=\"https:\/\/firmen.wko.at\/knill-energy-holding-gmbh\/steiermark\/?firmaid=0e09286a-da7c-46eb-bf3c-74223a5d0830&amp;suchbegriff=knill\"><strong>Legal Disclosure<\/strong><\/a><\/p>\n\n\n\n<p><\/p>\n\n\n\n<p><strong>Website Design und Programmierung:<\/strong><br>TRONIC Innovation GmbH<\/p>\n\n\n\n<p><\/p>\n\n\n\n<p><strong>Cookies:<\/strong><br>Diese Website benutzt \u201eCookies\u201c. Cookies sind kleine Textdateien, die von einer Webseite auf dem Ger\u00e4t eines Besuchers abgelegt werden, um zuk\u00fcnftige Besuche dieser Website zu vereinfachen. Sie k\u00f6nnen in Ihren Browser-Einstellungen festlegen, ob die Cookies zugelassen werden oder nicht. Wenn Sie Cookies nicht zulassen, werden gewisse Funktionen und Seiten nicht erwartungsgem\u00e4\u00df funktionieren. Cookies, die sich bereits am Computer befinden, k\u00f6nnen jederzeit gel\u00f6scht werden. Die Vorgangsweise dazu finden Sie in Ihrer Browseranleitung (unter \u201eHilfe\u201c im Browsermen\u00fc).<\/p>\n\n\n\n<p><\/p>\n\n\n\n<p><strong>Matomo:<\/strong><br>Wir nutzen auf unserer Webseite das Open-Source-Software-Tool Matomo, die auf einem virtuellen Server des Rechenzentrums Hetzner Online GmbH, Sigmundstra\u00dfe 135, 90431 N\u00fcrnberg, Deutschland, aufgesetzt wurde. Damit ist gew\u00e4hrleistet, dass keine Daten an Dritte \u00fcbermittelt werden, und die Daten unter unserer Kontrolle bleiben.<\/p>\n\n\n\n<p>Matomo verwendet Cookies. Mit diesen Cookies k\u00f6nnen wir Besuche z\u00e4hlen. Diese Textdateien werden auf Ihrem Computer gespeichert und machen es uns m\u00f6glich die Nutzung unserer Website zu analysieren. Die letzten beiden Zeichenbl\u00f6cke Ihrer IP-Adresse werden markiert, somit haben wir keine M\u00f6glichkeit technischer Art, Sie als Nutzer eindeutig zu identifizieren. Wir versteht diese Analyse als Bestandteil eines Internet-Services, um die Webseite weiter verbessern zu k\u00f6nnen und noch besser an die Bed\u00fcrfnisse der Nutzerinnen und Nutzer anzupassen.<\/p>\n\n\n\n<p>Mit dem Cookie Content beim erstmaligen Nutzen unserer Seite haben Sie die M\u00f6glichkeit zuzustimmen, ob in Ihrem Browser ein Webanalyse-Cookie abgelegt werden darf, um uns die Erfassung und Analyse statistischer Daten zu erm\u00f6glichen.<\/p>\n\n\n\n<p><\/p>\n\n\n\n<p><strong>Pictures<\/strong>: intern,\u00a0<a href=\"https:\/\/eisenberger.co.at\/\">Harald Eisenberger<\/a>,\u00a0<a href=\"https:\/\/www.fotoalexandra.at\/\">Alexandra Luttenberger<\/a>,\u00a0<a href=\"https:\/\/pixelmaker.at\/\">Robert Sommerauer<\/a>, iStock<\/p>\n\n\n\n<p><\/p>\n\n\n\n<p><\/p>\n","protected":false},"excerpt":{"rendered":"<p>Angaben lt. \u00a7ECG Firmenname&nbsp;&nbsp;&nbsp;&nbsp;Mosdorfer GmbH Adresse&nbsp;&nbsp;Mosdorfergasse 1, 8160 Weiz Firmenbuchnummer65861 f GerichtLandesgericht f\u00fcr Zivilrechtssachen Graz UID Nummer:ATU30573705 GLN&nbsp;(der \u00f6ffentlichen Verwaltung)9110015394429 Beh\u00f6rde gem. ECG&nbsp;(E-Commerce Gesetz)Bezirkshauptmannschaft Weiz Legal Disclosure Website Design und Programmierung:TRONIC Innovation GmbH Cookies:Diese Website benutzt \u201eCookies\u201c. Cookies sind kleine Textdateien, die von einer Webseite auf dem Ger\u00e4t eines Besuchers abgelegt werden, um zuk\u00fcnftige Besuche [&hellip;]<\/p>\n","protected":false},"author":1,"featured_media":0,"parent":0,"menu_order":0,"comment_status":"closed","ping_status":"closed","template":"","meta":{"_acf_changed":false,"inline_featured_image":false,"footnotes":""},"class_list":["post-1746","page","type-page","status-publish","hentry"],"acf":[],"yoast_head":"<!-- This site is optimized with the Yoast SEO plugin v25.7 - https:\/\/yoast.com\/wordpress\/plugins\/seo\/ -->\n<title>Impressum - Mosdorfer<\/title>\n<meta name=\"robots\" content=\"noindex, follow, max-snippet:-1, max-image-preview:large, max-video-preview:-1\" \/>\n<meta property=\"og:locale\" content=\"en_US\" \/>\n<meta property=\"og:type\" content=\"article\" \/>\n<meta property=\"og:title\" content=\"Impressum - Mosdorfer\" \/>\n<meta property=\"og:description\" content=\"Angaben lt. \u00a7ECG Firmenname&nbsp;&nbsp;&nbsp;&nbsp;Mosdorfer GmbH Adresse&nbsp;&nbsp;Mosdorfergasse 1, 8160 Weiz Firmenbuchnummer65861 f GerichtLandesgericht f\u00fcr Zivilrechtssachen Graz UID Nummer:ATU30573705 GLN&nbsp;(der \u00f6ffentlichen Verwaltung)9110015394429 Beh\u00f6rde gem. ECG&nbsp;(E-Commerce Gesetz)Bezirkshauptmannschaft Weiz Legal Disclosure Website Design und Programmierung:TRONIC Innovation GmbH Cookies:Diese Website benutzt \u201eCookies\u201c. Cookies sind kleine Textdateien, die von einer Webseite auf dem Ger\u00e4t eines Besuchers abgelegt werden, um zuk\u00fcnftige Besuche [&hellip;]\" \/>\n<meta property=\"og:url\" content=\"https:\/\/staging.mosdorfer.com\/en\/impressum\/\" \/>\n<meta property=\"og:site_name\" content=\"Mosdorfer\" \/>\n<meta name=\"twitter:card\" content=\"summary_large_image\" \/>\n<meta name=\"twitter:label1\" content=\"Est. reading time\" \/>\n\t<meta name=\"twitter:data1\" content=\"1 minute\" \/>\n<script type=\"application\/ld+json\" class=\"yoast-schema-graph\">{\"@context\":\"https:\/\/schema.org\",\"@graph\":[{\"@type\":\"WebPage\",\"@id\":\"https:\/\/staging.mosdorfer.com\/en\/impressum\/\",\"url\":\"https:\/\/staging.mosdorfer.com\/en\/impressum\/\",\"name\":\"Impressum - Mosdorfer\",\"isPartOf\":{\"@id\":\"https:\/\/staging.mosdorfer.com\/#website\"},\"datePublished\":\"2025-08-21T08:55:05+00:00\",\"breadcrumb\":{\"@id\":\"https:\/\/staging.mosdorfer.com\/en\/impressum\/#breadcrumb\"},\"inLanguage\":\"en-US\",\"potentialAction\":[{\"@type\":\"ReadAction\",\"target\":[\"https:\/\/staging.mosdorfer.com\/en\/impressum\/\"]}]},{\"@type\":\"BreadcrumbList\",\"@id\":\"https:\/\/staging.mosdorfer.com\/en\/impressum\/#breadcrumb\",\"itemListElement\":[{\"@type\":\"ListItem\",\"position\":1,\"name\":\"Startseite\",\"item\":\"https:\/\/staging.mosdorfer.com\/en\/\"},{\"@type\":\"ListItem\",\"position\":2,\"name\":\"Impressum\"}]},{\"@type\":\"WebSite\",\"@id\":\"https:\/\/staging.mosdorfer.com\/#website\",\"url\":\"https:\/\/staging.mosdorfer.com\/\",\"name\":\"Mosdorfer\",\"description\":\"\",\"potentialAction\":[{\"@type\":\"SearchAction\",\"target\":{\"@type\":\"EntryPoint\",\"urlTemplate\":\"https:\/\/staging.mosdorfer.com\/?s={search_term_string}\"},\"query-input\":{\"@type\":\"PropertyValueSpecification\",\"valueRequired\":true,\"valueName\":\"search_term_string\"}}],\"inLanguage\":\"en-US\"}]}<\/script>\n<!-- \/ Yoast SEO plugin. -->","yoast_head_json":{"title":"Impressum - Mosdorfer","robots":{"index":"noindex","follow":"follow","max-snippet":"max-snippet:-1","max-image-preview":"max-image-preview:large","max-video-preview":"max-video-preview:-1"},"og_locale":"en_US","og_type":"article","og_title":"Impressum - Mosdorfer","og_description":"Angaben lt. \u00a7ECG Firmenname&nbsp;&nbsp;&nbsp;&nbsp;Mosdorfer GmbH Adresse&nbsp;&nbsp;Mosdorfergasse 1, 8160 Weiz Firmenbuchnummer65861 f GerichtLandesgericht f\u00fcr Zivilrechtssachen Graz UID Nummer:ATU30573705 GLN&nbsp;(der \u00f6ffentlichen Verwaltung)9110015394429 Beh\u00f6rde gem. ECG&nbsp;(E-Commerce Gesetz)Bezirkshauptmannschaft Weiz Legal Disclosure Website Design und Programmierung:TRONIC Innovation GmbH Cookies:Diese Website benutzt \u201eCookies\u201c. Cookies sind kleine Textdateien, die von einer Webseite auf dem Ger\u00e4t eines Besuchers abgelegt werden, um zuk\u00fcnftige Besuche [&hellip;]","og_url":"https:\/\/staging.mosdorfer.com\/en\/impressum\/","og_site_name":"Mosdorfer","twitter_card":"summary_large_image","twitter_misc":{"Est. reading time":"1 minute"},"schema":{"@context":"https:\/\/schema.org","@graph":[{"@type":"WebPage","@id":"https:\/\/staging.mosdorfer.com\/en\/impressum\/","url":"https:\/\/staging.mosdorfer.com\/en\/impressum\/","name":"Impressum - Mosdorfer","isPartOf":{"@id":"https:\/\/staging.mosdorfer.com\/#website"},"datePublished":"2025-08-21T08:55:05+00:00","breadcrumb":{"@id":"https:\/\/staging.mosdorfer.com\/en\/impressum\/#breadcrumb"},"inLanguage":"en-US","potentialAction":[{"@type":"ReadAction","target":["https:\/\/staging.mosdorfer.com\/en\/impressum\/"]}]},{"@type":"BreadcrumbList","@id":"https:\/\/staging.mosdorfer.com\/en\/impressum\/#breadcrumb","itemListElement":[{"@type":"ListItem","position":1,"name":"Startseite","item":"https:\/\/staging.mosdorfer.com\/en\/"},{"@type":"ListItem","position":2,"name":"Impressum"}]},{"@type":"WebSite","@id":"https:\/\/staging.mosdorfer.com\/#website","url":"https:\/\/staging.mosdorfer.com\/","name":"Mosdorfer","description":"","potentialAction":[{"@type":"SearchAction","target":{"@type":"EntryPoint","urlTemplate":"https:\/\/staging.mosdorfer.com\/?s={search_term_string}"},"query-input":{"@type":"PropertyValueSpecification","valueRequired":true,"valueName":"search_term_string"}}],"inLanguage":"en-US"}]}},"_links":{"self":[{"href":"https:\/\/staging.mosdorfer.com\/en\/wp-json\/wp\/v2\/pages\/1746","targetHints":{"allow":["GET"]}}],"collection":[{"href":"https:\/\/staging.mosdorfer.com\/en\/wp-json\/wp\/v2\/pages"}],"about":[{"href":"https:\/\/staging.mosdorfer.com\/en\/wp-json\/wp\/v2\/types\/page"}],"author":[{"embeddable":true,"href":"https:\/\/staging.mosdorfer.com\/en\/wp-json\/wp\/v2\/users\/1"}],"replies":[{"embeddable":true,"href":"https:\/\/staging.mosdorfer.com\/en\/wp-json\/wp\/v2\/comments?post=1746"}],"version-history":[{"count":0,"href":"https:\/\/staging.mosdorfer.com\/en\/wp-json\/wp\/v2\/pages\/1746\/revisions"}],"wp:attachment":[{"href":"https:\/\/staging.mosdorfer.com\/en\/wp-json\/wp\/v2\/media?parent=1746"}],"curies":[{"name":"wp","href":"https:\/\/api.w.org\/{rel}","templated":true}]}}