{"id":2001,"date":"2026-01-07T14:59:54","date_gmt":"2026-01-07T13:59:54","guid":{"rendered":"https:\/\/staging.mosdorfer.com\/slowakei\/"},"modified":"2026-04-20T16:44:30","modified_gmt":"2026-04-20T14:44:30","slug":"slovakia","status":"publish","type":"page","link":"https:\/\/staging.mosdorfer.com\/en\/slovakia\/","title":{"rendered":"Slovakia"},"content":{"rendered":"\n\n<div  class=\"trnc-solutions-hero full base-grid mb-12 lg:mb-24\">\n    <img loading=\"lazy\" decoding=\"async\" width=\"2362\" height=\"1519\" src=\"https:\/\/staging.mosdorfer.com\/wp-content\/uploads\/2026\/03\/Foto_MLP.jpg\" class=\"full w-full h-auto max-h-96 object-cover\" alt=\"Au\u00dfenansicht eines modernen Industriegeb\u00e4udes mit grauer Metallfassade und gro\u00dfen Toren. Auf dem Geb\u00e4ude sind Schilder mit der Aufschrift \u201aML Produktion\u2018 sowie Logos der Mosdorfer Knill Gruppe zu sehen. Vor dem Geb\u00e4ude befindet sich ein umz\u00e4untes Areal mit Einfahrtstor, Parkfl\u00e4che und etwas Begr\u00fcnung. Der Himmel ist klar und blau.\" srcset=\"https:\/\/staging.mosdorfer.com\/wp-content\/uploads\/2026\/03\/Foto_MLP.jpg 2362w, https:\/\/staging.mosdorfer.com\/wp-content\/uploads\/2026\/03\/Foto_MLP-300x193.jpg 300w, https:\/\/staging.mosdorfer.com\/wp-content\/uploads\/2026\/03\/Foto_MLP-1024x659.jpg 1024w, https:\/\/staging.mosdorfer.com\/wp-content\/uploads\/2026\/03\/Foto_MLP-768x494.jpg 768w, https:\/\/staging.mosdorfer.com\/wp-content\/uploads\/2026\/03\/Foto_MLP-1536x988.jpg 1536w, https:\/\/staging.mosdorfer.com\/wp-content\/uploads\/2026\/03\/Foto_MLP-2048x1317.jpg 2048w\" sizes=\"auto, (max-width: 2362px) 100vw, 2362px\" \/>    <h1 class=\"title-line mt-8\">ML Produktion<\/h1>\n<\/div>\n\n\n<p>The Mosdorf manufacturing facility for steel processing has been operating in Slovakia since 1992. <strong>ML Produktion s.r.o.<\/strong> manufactures fittings, damping systems for high-voltage overhead lines, as well as connectors, clamps, and string fittings for substations. At our two locations in Nove Mesto and Myjava, we carry out various manufacturing processes &#8211; including cutting, welding, drilling, bending, grinding, pressing, and the assembly of components. Every year, our employees process an impressive 4,900 tons of material across a total production area of approximately 18,000 square meters.<\/p>\n\n\n\n<p><\/p>\n\n\n\n<p><em>Od roku 1992 p\u00f4sob\u00ed na Slovensku v\u00fdrobn\u00fd stroj\u00e1rsky z\u00e1vod skupiny Mosdorfer. Spolo\u010dnos\u0165&nbsp;<strong>ML Produktion s.r.o.<\/strong>&nbsp;vyv\u00edja a vyr\u00e1ba armat\u00fary a tlmiace syst\u00e9my pre dia\u013ekov\u00e9 nadzemn\u00e9 vedenia vysok\u00e9ho nap\u00e4tia a tie\u017e elektroarmat\u00fary pre rozvodn\u00e9 a transform\u00e1torov\u00e9 stanice.&nbsp;<\/em><em>V oboch z\u00e1vodoch v Novom Meste nad V\u00e1hom aj na Myjave vykon\u00e1vame r\u00f4zne stroj\u00e1rske oper\u00e1cie ak\u00fdmi s\u00fa rezanie plazmou, v\u00fdstredn\u00edkov\u00e9 lisovanie, zv\u00e1ranie ocele a hlin\u00edka, v\u0155tanie, oh\u00fdbanie, zakru\u017eovanie, br\u00fasenie, CNC oper\u00e1cie a v neposlednom rade samotn\u00fa mont\u00e1\u017e elektroarmat\u00far. Ka\u017ed\u00fd rok na\u0161i zamestnanci spracuj\u00fa \u00factyhodn\u00fdch 4 900 ton materi\u00e1lu na celkovej v\u00fdrobnej ploche pribli\u017ene 18 000 m2.<\/em><\/p>\n\n\n\n<p><\/p>\n\n\n\n<h2 class=\"wp-block-heading\">Our team is always looking for new members!<\/h2>\n\n\n\n<p>We are looking for new colleagues to join our teams at both of our locations in Slovakia and help drive our growth. Interested? Learn more about our open positions and benefits, and become part of our dynamic team!<\/p>\n\n\n\n<p><\/p>\n\n\n\n<p><em>H\u013ead\u00e1me nov\u00e9 kolegyne a kolegov, ktor\u00ed posilnia t\u00edmy v oboch na\u0161ich z\u00e1vodoch a bud\u00fa s\u00fa\u010das\u0165ou n\u00e1\u0161ho rastu a na\u0161ich \u00faspechov.Zaujali sme V\u00e1s ? Pozrite si na\u0161e vo\u013en\u00e9 poz\u00edcie, benefity a sta\u0148te sa s\u00fa\u010das\u0165ou n\u00e1\u0161ho dynamick\u00e9ho t\u00edmu !<\/em><\/p>\n\n\n\n<p><a href=\"https:\/\/staging.mosdorfer.com\/karriere\/jobs\/\" target=\"_blank\" rel=\"noreferrer noopener\"><strong>Vo\u013en\u00e9 pracovn\u00e9 miesta<\/strong><\/a><\/p>\n\n\n\n<p><\/p>\n","protected":false},"excerpt":{"rendered":"<p>The Mosdorf manufacturing facility for steel processing has been operating in Slovakia since 1992. ML Produktion s.r.o. manufactures fittings, damping systems for high-voltage overhead lines, as well as connectors, clamps, and string fittings for substations. At our two locations in Nove Mesto and Myjava, we carry out various manufacturing processes &#8211; including cutting, welding, drilling, [&hellip;]<\/p>\n","protected":false},"author":3,"featured_media":0,"parent":0,"menu_order":0,"comment_status":"closed","ping_status":"closed","template":"","meta":{"_acf_changed":false,"inline_featured_image":false,"footnotes":""},"class_list":["post-2001","page","type-page","status-publish","hentry"],"acf":[],"yoast_head":"<!-- This site is optimized with the Yoast SEO plugin v25.7 - https:\/\/yoast.com\/wordpress\/plugins\/seo\/ -->\n<title>Slovakia - Mosdorfer<\/title>\n<meta name=\"description\" content=\"Our production site in slovakia is a central element of Mosdorfer\u00b4s manufacturing strategy - modern processes and high quality standards.\" \/>\n<meta name=\"robots\" content=\"noindex, follow, max-snippet:-1, max-image-preview:large, max-video-preview:-1\" \/>\n<meta property=\"og:locale\" content=\"en_US\" \/>\n<meta property=\"og:type\" content=\"article\" \/>\n<meta property=\"og:title\" content=\"Slovakia - Mosdorfer\" \/>\n<meta property=\"og:description\" content=\"Our production site in slovakia is a central element of Mosdorfer\u00b4s manufacturing strategy - modern processes and high quality standards.\" \/>\n<meta property=\"og:url\" content=\"https:\/\/staging.mosdorfer.com\/en\/slovakia\/\" \/>\n<meta property=\"og:site_name\" content=\"Mosdorfer\" \/>\n<meta property=\"article:modified_time\" content=\"2026-04-20T14:44:30+00:00\" \/>\n<meta name=\"twitter:card\" content=\"summary_large_image\" \/>\n<meta name=\"twitter:label1\" content=\"Est. reading time\" \/>\n\t<meta name=\"twitter:data1\" content=\"2 minutes\" \/>\n<script type=\"application\/ld+json\" class=\"yoast-schema-graph\">{\"@context\":\"https:\/\/schema.org\",\"@graph\":[{\"@type\":\"WebPage\",\"@id\":\"https:\/\/staging.mosdorfer.com\/en\/slovakia\/\",\"url\":\"https:\/\/staging.mosdorfer.com\/en\/slovakia\/\",\"name\":\"Slovakia - Mosdorfer\",\"isPartOf\":{\"@id\":\"https:\/\/staging.mosdorfer.com\/#website\"},\"datePublished\":\"2026-01-07T13:59:54+00:00\",\"dateModified\":\"2026-04-20T14:44:30+00:00\",\"description\":\"Our production site in slovakia is a central element of Mosdorfer\u00b4s manufacturing strategy - modern processes and high quality standards.\",\"breadcrumb\":{\"@id\":\"https:\/\/staging.mosdorfer.com\/en\/slovakia\/#breadcrumb\"},\"inLanguage\":\"en-US\",\"potentialAction\":[{\"@type\":\"ReadAction\",\"target\":[\"https:\/\/staging.mosdorfer.com\/en\/slovakia\/\"]}]},{\"@type\":\"BreadcrumbList\",\"@id\":\"https:\/\/staging.mosdorfer.com\/en\/slovakia\/#breadcrumb\",\"itemListElement\":[{\"@type\":\"ListItem\",\"position\":1,\"name\":\"Startseite\",\"item\":\"https:\/\/staging.mosdorfer.com\/en\/\"},{\"@type\":\"ListItem\",\"position\":2,\"name\":\"Slovakia\"}]},{\"@type\":\"WebSite\",\"@id\":\"https:\/\/staging.mosdorfer.com\/#website\",\"url\":\"https:\/\/staging.mosdorfer.com\/\",\"name\":\"Mosdorfer\",\"description\":\"\",\"potentialAction\":[{\"@type\":\"SearchAction\",\"target\":{\"@type\":\"EntryPoint\",\"urlTemplate\":\"https:\/\/staging.mosdorfer.com\/?s={search_term_string}\"},\"query-input\":{\"@type\":\"PropertyValueSpecification\",\"valueRequired\":true,\"valueName\":\"search_term_string\"}}],\"inLanguage\":\"en-US\"}]}<\/script>\n<!-- \/ Yoast SEO plugin. -->","yoast_head_json":{"title":"Slovakia - Mosdorfer","description":"Our production site in slovakia is a central element of Mosdorfer\u00b4s manufacturing strategy - modern processes and high quality standards.","robots":{"index":"noindex","follow":"follow","max-snippet":"max-snippet:-1","max-image-preview":"max-image-preview:large","max-video-preview":"max-video-preview:-1"},"og_locale":"en_US","og_type":"article","og_title":"Slovakia - Mosdorfer","og_description":"Our production site in slovakia is a central element of Mosdorfer\u00b4s manufacturing strategy - modern processes and high quality standards.","og_url":"https:\/\/staging.mosdorfer.com\/en\/slovakia\/","og_site_name":"Mosdorfer","article_modified_time":"2026-04-20T14:44:30+00:00","twitter_card":"summary_large_image","twitter_misc":{"Est. reading time":"2 minutes"},"schema":{"@context":"https:\/\/schema.org","@graph":[{"@type":"WebPage","@id":"https:\/\/staging.mosdorfer.com\/en\/slovakia\/","url":"https:\/\/staging.mosdorfer.com\/en\/slovakia\/","name":"Slovakia - Mosdorfer","isPartOf":{"@id":"https:\/\/staging.mosdorfer.com\/#website"},"datePublished":"2026-01-07T13:59:54+00:00","dateModified":"2026-04-20T14:44:30+00:00","description":"Our production site in slovakia is a central element of Mosdorfer\u00b4s manufacturing strategy - modern processes and high quality standards.","breadcrumb":{"@id":"https:\/\/staging.mosdorfer.com\/en\/slovakia\/#breadcrumb"},"inLanguage":"en-US","potentialAction":[{"@type":"ReadAction","target":["https:\/\/staging.mosdorfer.com\/en\/slovakia\/"]}]},{"@type":"BreadcrumbList","@id":"https:\/\/staging.mosdorfer.com\/en\/slovakia\/#breadcrumb","itemListElement":[{"@type":"ListItem","position":1,"name":"Startseite","item":"https:\/\/staging.mosdorfer.com\/en\/"},{"@type":"ListItem","position":2,"name":"Slovakia"}]},{"@type":"WebSite","@id":"https:\/\/staging.mosdorfer.com\/#website","url":"https:\/\/staging.mosdorfer.com\/","name":"Mosdorfer","description":"","potentialAction":[{"@type":"SearchAction","target":{"@type":"EntryPoint","urlTemplate":"https:\/\/staging.mosdorfer.com\/?s={search_term_string}"},"query-input":{"@type":"PropertyValueSpecification","valueRequired":true,"valueName":"search_term_string"}}],"inLanguage":"en-US"}]}},"_links":{"self":[{"href":"https:\/\/staging.mosdorfer.com\/en\/wp-json\/wp\/v2\/pages\/2001","targetHints":{"allow":["GET"]}}],"collection":[{"href":"https:\/\/staging.mosdorfer.com\/en\/wp-json\/wp\/v2\/pages"}],"about":[{"href":"https:\/\/staging.mosdorfer.com\/en\/wp-json\/wp\/v2\/types\/page"}],"author":[{"embeddable":true,"href":"https:\/\/staging.mosdorfer.com\/en\/wp-json\/wp\/v2\/users\/3"}],"replies":[{"embeddable":true,"href":"https:\/\/staging.mosdorfer.com\/en\/wp-json\/wp\/v2\/comments?post=2001"}],"version-history":[{"count":1,"href":"https:\/\/staging.mosdorfer.com\/en\/wp-json\/wp\/v2\/pages\/2001\/revisions"}],"predecessor-version":[{"id":2003,"href":"https:\/\/staging.mosdorfer.com\/en\/wp-json\/wp\/v2\/pages\/2001\/revisions\/2003"}],"wp:attachment":[{"href":"https:\/\/staging.mosdorfer.com\/en\/wp-json\/wp\/v2\/media?parent=2001"}],"curies":[{"name":"wp","href":"https:\/\/api.w.org\/{rel}","templated":true}]}}