{"id":2172,"date":"2026-01-07T14:57:39","date_gmt":"2026-01-07T13:57:39","guid":{"rendered":"https:\/\/staging.mosdorfer.com\/england\/"},"modified":"2026-04-16T13:56:33","modified_gmt":"2026-04-16T11:56:33","slug":"mosdorfer-ccl-transmission-line-fittings-up-to-400-kv","status":"publish","type":"page","link":"https:\/\/staging.mosdorfer.com\/en\/mosdorfer-ccl-transmission-line-fittings-up-to-400-kv\/","title":{"rendered":"England"},"content":{"rendered":"\n\n<div  class=\"trnc-solutions-hero full base-grid mb-12 lg:mb-24\">\n    <img loading=\"lazy\" decoding=\"async\" width=\"1920\" height=\"2560\" src=\"https:\/\/staging.mosdorfer.com\/wp-content\/uploads\/2026\/03\/1000kN-Vertical-2-scaled.jpg\" class=\"full w-full h-auto max-h-96 object-cover\" alt=\"\" srcset=\"https:\/\/staging.mosdorfer.com\/wp-content\/uploads\/2026\/03\/1000kN-Vertical-2-scaled.jpg 1920w, https:\/\/staging.mosdorfer.com\/wp-content\/uploads\/2026\/03\/1000kN-Vertical-2-225x300.jpg 225w, https:\/\/staging.mosdorfer.com\/wp-content\/uploads\/2026\/03\/1000kN-Vertical-2-768x1024.jpg 768w, https:\/\/staging.mosdorfer.com\/wp-content\/uploads\/2026\/03\/1000kN-Vertical-2-1152x1536.jpg 1152w, https:\/\/staging.mosdorfer.com\/wp-content\/uploads\/2026\/03\/1000kN-Vertical-2-1536x2048.jpg 1536w\" sizes=\"auto, (max-width: 1920px) 100vw, 1920px\" \/>    <h1 class=\"title-line mt-8\">Mosdorfer CCL<\/h1>\n<\/div>\n\n\n<p>Mosdorfer CCL Systems Limited, headquartered in the United Kingdom, has been a leading supplier of high- and extra-high-voltage equipment for power transmission and distribution systems since 1988. The company builds on an exceptionally long history \u2013 over 75 years of experience in the development, manufacture and supply of technical solutions for energy suppliers worldwide. <\/p>\n\n\n\n<p>With over 5,000 approved products, state-of-the-art manufacturing facility and an experienced, well-established team, Mosdorfer CCL offers one of the most comprehensive ranges of line fittings in the industry. As a specialist in distribution systems, Mosdorfer CCL is a fast and reliable partner for energy suppliers and electricity network operators.<\/p>\n\n\n\n<p><\/p>\n\n\n\n<p>Renowned for comprehensive technical manufacturing competence:<\/p>\n\n\n\n<ul class=\"wp-block-list\">\n<li>Turning<\/li>\n\n\n\n<li>Milling<\/li>\n\n\n\n<li>Drilling<\/li>\n\n\n\n<li>Welding<\/li>\n\n\n\n<li>copper and aluminium tube machining<\/li>\n\n\n\n<li>Compression Technology<\/li>\n<\/ul>\n\n\n\n<p><\/p>\n\n\n\n<p>This high level of vertical integration guarantees maximum quality, precision and reliability \u2013 particularly for demanding transmission and distribution networks.Diese hohe Fertigungstiefe garantiert maximale Qualit\u00e4t, Pr\u00e4zision und Zuverl\u00e4ssigkeit \u2013 insbesondere f\u00fcr anspruchsvolle \u00dcbertragungs\u2011 und Verteilnetze.<\/p>\n\n\n\n<p><\/p>\n\n\n\n<h2 class=\"wp-block-heading\">Products and Competences<\/h2>\n\n\n\n<p><strong>Distribution and transmission line systems (11kV &#8211; 400kV)<\/strong><\/p>\n\n\n\n<p>For distribution applications, Mosdorfer CCL offers a wide range of components and tooling technologies:<\/p>\n\n\n\n<ul class=\"wp-block-list\">\n<li><strong>Versa Press<\/strong> universal die-less system<\/li>\n\n\n\n<li><strong>Hex Press<\/strong> die-change compression system<\/li>\n\n\n\n<li>Connectors for copper, aluminum and bi-metals<\/li>\n\n\n\n<li>End\u2011Span Terminations<\/li>\n\n\n\n<li>Splices, Lugs, Tap\u2011Off\u2011 &amp; Service\u2011Connectoren<\/li>\n\n\n\n<li>Full range of helical fittings:\n<ul class=\"wp-block-list\">\n<li>Armour Rods<\/li>\n\n\n\n<li>Dead Ends<\/li>\n\n\n\n<li>Distribution Ties<\/li>\n\n\n\n<li>Side Ties<\/li>\n<\/ul>\n<\/li>\n<\/ul>\n\n\n\n<p><\/p>\n\n\n\n<p><strong>Systems for tranmission lines (up to 400 kV)<\/strong><\/p>\n\n\n\n<p>For high and ultra-high voltage the portfolio contains:<\/p>\n\n\n\n<ul class=\"wp-block-list\">\n<li>Hex Press compression fittings f\u00fcr ACSR, AAAC und HTLS<\/li>\n\n\n\n<li>Spacers und Spacer Dampers (Twin, Triple, Quad Bundle)<\/li>\n\n\n\n<li>Vibration Dampers inkl. 4R-Technologie <\/li>\n\n\n\n<li>Suspension Clamps \/ AGS<\/li>\n\n\n\n<li>Wedge Clamps<\/li>\n\n\n\n<li>Glas and porcelain disc insulators (80 kN \u2013 300 kN)<\/li>\n\n\n\n<li>Composite insulators (132 kV \u2013 400 kV)<\/li>\n\n\n\n<li>Complete systems for <strong>Earth Wire &amp; OPGW systems<\/strong>, including assembled string sets <\/li>\n<\/ul>\n\n\n\n<p><\/p>\n\n\n\n<p><strong>Testing capacities in the UK<\/strong><\/p>\n\n\n\n<p><\/p>\n\n\n\n<div class=\"wp-block-columns is-layout-flex wp-container-core-columns-is-layout-9d6595d7 wp-block-columns-is-layout-flex\">\n<div class=\"wp-block-column is-layout-flow wp-block-column-is-layout-flow\" style=\"flex-basis:33.33%\">\n<figure class=\"wp-block-image size-large\"><img loading=\"lazy\" decoding=\"async\" width=\"576\" height=\"1024\" src=\"https:\/\/staging.mosdorfer.com\/wp-content\/uploads\/2026\/03\/500kN-Horizontal-576x1024.jpg\" alt=\"\" class=\"wp-image-1414\" srcset=\"https:\/\/staging.mosdorfer.com\/wp-content\/uploads\/2026\/03\/500kN-Horizontal-576x1024.jpg 576w, https:\/\/staging.mosdorfer.com\/wp-content\/uploads\/2026\/03\/500kN-Horizontal-169x300.jpg 169w, https:\/\/staging.mosdorfer.com\/wp-content\/uploads\/2026\/03\/500kN-Horizontal-768x1365.jpg 768w, https:\/\/staging.mosdorfer.com\/wp-content\/uploads\/2026\/03\/500kN-Horizontal-864x1536.jpg 864w, https:\/\/staging.mosdorfer.com\/wp-content\/uploads\/2026\/03\/500kN-Horizontal-1152x2048.jpg 1152w, https:\/\/staging.mosdorfer.com\/wp-content\/uploads\/2026\/03\/500kN-Horizontal-scaled.jpg 1440w\" sizes=\"auto, (max-width: 576px) 100vw, 576px\" \/><\/figure>\n<\/div>\n\n\n\n<div class=\"wp-block-column is-layout-flow wp-block-column-is-layout-flow\" style=\"flex-basis:66.66%\">\n<p>Mosdorfer CCL has a fully equipped <strong>UK test facility<\/strong> where nearly all products can be tested and certified under real load conditions.<\/p>\n<\/div>\n<\/div>\n\n\n\n<p><\/p>\n\n\n\n<h2 class=\"wp-block-heading\">Management<\/h2>\n\n\n\n<p>Rob Leach &#8211; Managing Director Mosdorfer CCL<\/p>\n\n\n\n<p><\/p>\n\n\n\n<h1 class=\"wp-block-heading\">References<\/h1>\n\n\n\n<h3 class=\"wp-block-heading\"><strong>132kV Dorenell Wind Farm Connection<\/strong><\/h3>\n\n\n\n<p>Short Description: Delivery of fittings for the 132-kV-Connection of the wind park <em>Dorenell <\/em>in Scotland. Mosdorfer CCL supplied 300 mm\u00b2 fittings and OPPC earthwire fittings. <br><\/p>\n\n\n\n<p>Highlights:<\/p>\n\n\n\n<ul class=\"wp-block-list\">\n<li>The first supply of 132kV H configuration Composite Poles with Fittings and Composite Insulators in the UK.<\/li>\n\n\n\n<li>The installation was carried out using a helicopter to access the challenging terrain of the Scottish Highlands<\/li>\n\n\n\n<li>This project demonstrated the capability to deliver a highly specialized solution for challenging topography and extreme weather conditions.<\/li>\n<\/ul>\n\n\n\n<div class=\"wp-block-columns are-vertically-aligned-center is-layout-flex wp-container-core-columns-is-layout-9d6595d7 wp-block-columns-is-layout-flex\">\n<div class=\"wp-block-column is-vertically-aligned-center is-layout-flow wp-block-column-is-layout-flow\">\n<figure class=\"wp-block-image aligncenter size-full\"><img loading=\"lazy\" decoding=\"async\" width=\"552\" height=\"368\" src=\"https:\/\/staging.mosdorfer.com\/wp-content\/uploads\/2026\/03\/Bild_2.png\" alt=\"\" class=\"wp-image-1074\" srcset=\"https:\/\/staging.mosdorfer.com\/wp-content\/uploads\/2026\/03\/Bild_2.png 552w, https:\/\/staging.mosdorfer.com\/wp-content\/uploads\/2026\/03\/Bild_2-300x200.png 300w\" sizes=\"auto, (max-width: 552px) 100vw, 552px\" \/><\/figure>\n<\/div>\n<\/div>\n\n\n\n<p><\/p>\n\n\n\n<h2 class=\"wp-block-heading\">400 kV Indian Queen<\/h2>\n\n\n\n<p>Short Description: First delivery of composite insulators and fittings for a 400 kV transmission line in England.<\/p>\n\n\n\n<figure class=\"wp-block-image aligncenter size-full is-resized\"><img loading=\"lazy\" decoding=\"async\" width=\"263\" height=\"432\" src=\"https:\/\/staging.mosdorfer.com\/wp-content\/uploads\/2026\/03\/Bild_1.png\" alt=\"\" class=\"wp-image-1076\" style=\"width:380px\" srcset=\"https:\/\/staging.mosdorfer.com\/wp-content\/uploads\/2026\/03\/Bild_1.png 263w, https:\/\/staging.mosdorfer.com\/wp-content\/uploads\/2026\/03\/Bild_1-183x300.png 183w\" sizes=\"auto, (max-width: 263px) 100vw, 263px\" \/><\/figure>\n\n\n\n<p><\/p>\n\n\n\n<h2 class=\"wp-block-heading\">400 kV Beauly &#8211; Denny Upgrade Project<\/h2>\n\n\n\n<p>Short Description: This project included the delivery of the first 320 kN OPGW earth wire system in the UK.<\/p>\n\n\n\n<figure class=\"wp-block-image aligncenter size-full is-resized\"><img loading=\"lazy\" decoding=\"async\" width=\"897\" height=\"471\" src=\"https:\/\/staging.mosdorfer.com\/wp-content\/uploads\/2026\/04\/Bild1.png\" alt=\"\" class=\"wp-image-2346\" style=\"width:600px\" srcset=\"https:\/\/staging.mosdorfer.com\/wp-content\/uploads\/2026\/04\/Bild1.png 897w, https:\/\/staging.mosdorfer.com\/wp-content\/uploads\/2026\/04\/Bild1-300x158.png 300w, https:\/\/staging.mosdorfer.com\/wp-content\/uploads\/2026\/04\/Bild1-768x403.png 768w\" sizes=\"auto, (max-width: 897px) 100vw, 897px\" \/><\/figure>\n","protected":false},"excerpt":{"rendered":"<p>Mosdorfer CCL Systems Limited, headquartered in the United Kingdom, has been a leading supplier of high- and extra-high-voltage equipment for power transmission and distribution systems since 1988. The company builds on an exceptionally long history \u2013 over 75 years of experience in the development, manufacture and supply of technical solutions for energy suppliers worldwide. With [&hellip;]<\/p>\n","protected":false},"author":3,"featured_media":0,"parent":0,"menu_order":0,"comment_status":"closed","ping_status":"closed","template":"","meta":{"_acf_changed":false,"inline_featured_image":false,"footnotes":""},"class_list":["post-2172","page","type-page","status-publish","hentry"],"acf":[],"yoast_head":"<!-- This site is optimized with the Yoast SEO plugin v25.7 - https:\/\/yoast.com\/wordpress\/plugins\/seo\/ -->\n<title>England - Mosdorfer<\/title>\n<meta name=\"description\" content=\"Mosdorfer CCL is a supplier of high voltage fittings for transmission and distribution lines up to 400 kV, manufactured and tested in the UK.\" \/>\n<meta name=\"robots\" content=\"noindex, follow, max-snippet:-1, max-image-preview:large, max-video-preview:-1\" \/>\n<meta property=\"og:locale\" content=\"en_US\" \/>\n<meta property=\"og:type\" content=\"article\" \/>\n<meta property=\"og:title\" content=\"England - Mosdorfer\" \/>\n<meta property=\"og:description\" content=\"Mosdorfer CCL is a supplier of high voltage fittings for transmission and distribution lines up to 400 kV, manufactured and tested in the UK.\" \/>\n<meta property=\"og:url\" content=\"https:\/\/staging.mosdorfer.com\/en\/mosdorfer-ccl-transmission-line-fittings-up-to-400-kv\/\" \/>\n<meta property=\"og:site_name\" content=\"Mosdorfer\" \/>\n<meta property=\"article:modified_time\" content=\"2026-04-16T11:56:33+00:00\" \/>\n<meta property=\"og:image\" content=\"https:\/\/staging.mosdorfer.com\/wp-content\/uploads\/2026\/03\/500kN-Horizontal-576x1024.jpg\" \/>\n<meta name=\"twitter:card\" content=\"summary_large_image\" \/>\n<meta name=\"twitter:label1\" content=\"Est. reading time\" \/>\n\t<meta name=\"twitter:data1\" content=\"4 minutes\" \/>\n<script type=\"application\/ld+json\" class=\"yoast-schema-graph\">{\"@context\":\"https:\/\/schema.org\",\"@graph\":[{\"@type\":\"WebPage\",\"@id\":\"https:\/\/staging.mosdorfer.com\/en\/mosdorfer-ccl-transmission-line-fittings-up-to-400-kv\/\",\"url\":\"https:\/\/staging.mosdorfer.com\/en\/mosdorfer-ccl-transmission-line-fittings-up-to-400-kv\/\",\"name\":\"England - Mosdorfer\",\"isPartOf\":{\"@id\":\"https:\/\/staging.mosdorfer.com\/#website\"},\"primaryImageOfPage\":{\"@id\":\"https:\/\/staging.mosdorfer.com\/en\/mosdorfer-ccl-transmission-line-fittings-up-to-400-kv\/#primaryimage\"},\"image\":{\"@id\":\"https:\/\/staging.mosdorfer.com\/en\/mosdorfer-ccl-transmission-line-fittings-up-to-400-kv\/#primaryimage\"},\"thumbnailUrl\":\"https:\/\/staging.mosdorfer.com\/wp-content\/uploads\/2026\/03\/500kN-Horizontal-576x1024.jpg\",\"datePublished\":\"2026-01-07T13:57:39+00:00\",\"dateModified\":\"2026-04-16T11:56:33+00:00\",\"description\":\"Mosdorfer CCL is a supplier of high voltage fittings for transmission and distribution lines up to 400 kV, manufactured and tested in the UK.\",\"breadcrumb\":{\"@id\":\"https:\/\/staging.mosdorfer.com\/en\/mosdorfer-ccl-transmission-line-fittings-up-to-400-kv\/#breadcrumb\"},\"inLanguage\":\"en-US\",\"potentialAction\":[{\"@type\":\"ReadAction\",\"target\":[\"https:\/\/staging.mosdorfer.com\/en\/mosdorfer-ccl-transmission-line-fittings-up-to-400-kv\/\"]}]},{\"@type\":\"ImageObject\",\"inLanguage\":\"en-US\",\"@id\":\"https:\/\/staging.mosdorfer.com\/en\/mosdorfer-ccl-transmission-line-fittings-up-to-400-kv\/#primaryimage\",\"url\":\"https:\/\/staging.mosdorfer.com\/wp-content\/uploads\/2026\/03\/500kN-Horizontal-576x1024.jpg\",\"contentUrl\":\"https:\/\/staging.mosdorfer.com\/wp-content\/uploads\/2026\/03\/500kN-Horizontal-576x1024.jpg\"},{\"@type\":\"BreadcrumbList\",\"@id\":\"https:\/\/staging.mosdorfer.com\/en\/mosdorfer-ccl-transmission-line-fittings-up-to-400-kv\/#breadcrumb\",\"itemListElement\":[{\"@type\":\"ListItem\",\"position\":1,\"name\":\"Startseite\",\"item\":\"https:\/\/staging.mosdorfer.com\/en\/\"},{\"@type\":\"ListItem\",\"position\":2,\"name\":\"England\"}]},{\"@type\":\"WebSite\",\"@id\":\"https:\/\/staging.mosdorfer.com\/#website\",\"url\":\"https:\/\/staging.mosdorfer.com\/\",\"name\":\"Mosdorfer\",\"description\":\"\",\"potentialAction\":[{\"@type\":\"SearchAction\",\"target\":{\"@type\":\"EntryPoint\",\"urlTemplate\":\"https:\/\/staging.mosdorfer.com\/?s={search_term_string}\"},\"query-input\":{\"@type\":\"PropertyValueSpecification\",\"valueRequired\":true,\"valueName\":\"search_term_string\"}}],\"inLanguage\":\"en-US\"}]}<\/script>\n<!-- \/ Yoast SEO plugin. -->","yoast_head_json":{"title":"England - Mosdorfer","description":"Mosdorfer CCL is a supplier of high voltage fittings for transmission and distribution lines up to 400 kV, manufactured and tested in the UK.","robots":{"index":"noindex","follow":"follow","max-snippet":"max-snippet:-1","max-image-preview":"max-image-preview:large","max-video-preview":"max-video-preview:-1"},"og_locale":"en_US","og_type":"article","og_title":"England - Mosdorfer","og_description":"Mosdorfer CCL is a supplier of high voltage fittings for transmission and distribution lines up to 400 kV, manufactured and tested in the UK.","og_url":"https:\/\/staging.mosdorfer.com\/en\/mosdorfer-ccl-transmission-line-fittings-up-to-400-kv\/","og_site_name":"Mosdorfer","article_modified_time":"2026-04-16T11:56:33+00:00","og_image":[{"url":"https:\/\/staging.mosdorfer.com\/wp-content\/uploads\/2026\/03\/500kN-Horizontal-576x1024.jpg","type":"","width":"","height":""}],"twitter_card":"summary_large_image","twitter_misc":{"Est. reading time":"4 minutes"},"schema":{"@context":"https:\/\/schema.org","@graph":[{"@type":"WebPage","@id":"https:\/\/staging.mosdorfer.com\/en\/mosdorfer-ccl-transmission-line-fittings-up-to-400-kv\/","url":"https:\/\/staging.mosdorfer.com\/en\/mosdorfer-ccl-transmission-line-fittings-up-to-400-kv\/","name":"England - Mosdorfer","isPartOf":{"@id":"https:\/\/staging.mosdorfer.com\/#website"},"primaryImageOfPage":{"@id":"https:\/\/staging.mosdorfer.com\/en\/mosdorfer-ccl-transmission-line-fittings-up-to-400-kv\/#primaryimage"},"image":{"@id":"https:\/\/staging.mosdorfer.com\/en\/mosdorfer-ccl-transmission-line-fittings-up-to-400-kv\/#primaryimage"},"thumbnailUrl":"https:\/\/staging.mosdorfer.com\/wp-content\/uploads\/2026\/03\/500kN-Horizontal-576x1024.jpg","datePublished":"2026-01-07T13:57:39+00:00","dateModified":"2026-04-16T11:56:33+00:00","description":"Mosdorfer CCL is a supplier of high voltage fittings for transmission and distribution lines up to 400 kV, manufactured and tested in the UK.","breadcrumb":{"@id":"https:\/\/staging.mosdorfer.com\/en\/mosdorfer-ccl-transmission-line-fittings-up-to-400-kv\/#breadcrumb"},"inLanguage":"en-US","potentialAction":[{"@type":"ReadAction","target":["https:\/\/staging.mosdorfer.com\/en\/mosdorfer-ccl-transmission-line-fittings-up-to-400-kv\/"]}]},{"@type":"ImageObject","inLanguage":"en-US","@id":"https:\/\/staging.mosdorfer.com\/en\/mosdorfer-ccl-transmission-line-fittings-up-to-400-kv\/#primaryimage","url":"https:\/\/staging.mosdorfer.com\/wp-content\/uploads\/2026\/03\/500kN-Horizontal-576x1024.jpg","contentUrl":"https:\/\/staging.mosdorfer.com\/wp-content\/uploads\/2026\/03\/500kN-Horizontal-576x1024.jpg"},{"@type":"BreadcrumbList","@id":"https:\/\/staging.mosdorfer.com\/en\/mosdorfer-ccl-transmission-line-fittings-up-to-400-kv\/#breadcrumb","itemListElement":[{"@type":"ListItem","position":1,"name":"Startseite","item":"https:\/\/staging.mosdorfer.com\/en\/"},{"@type":"ListItem","position":2,"name":"England"}]},{"@type":"WebSite","@id":"https:\/\/staging.mosdorfer.com\/#website","url":"https:\/\/staging.mosdorfer.com\/","name":"Mosdorfer","description":"","potentialAction":[{"@type":"SearchAction","target":{"@type":"EntryPoint","urlTemplate":"https:\/\/staging.mosdorfer.com\/?s={search_term_string}"},"query-input":{"@type":"PropertyValueSpecification","valueRequired":true,"valueName":"search_term_string"}}],"inLanguage":"en-US"}]}},"_links":{"self":[{"href":"https:\/\/staging.mosdorfer.com\/en\/wp-json\/wp\/v2\/pages\/2172","targetHints":{"allow":["GET"]}}],"collection":[{"href":"https:\/\/staging.mosdorfer.com\/en\/wp-json\/wp\/v2\/pages"}],"about":[{"href":"https:\/\/staging.mosdorfer.com\/en\/wp-json\/wp\/v2\/types\/page"}],"author":[{"embeddable":true,"href":"https:\/\/staging.mosdorfer.com\/en\/wp-json\/wp\/v2\/users\/3"}],"replies":[{"embeddable":true,"href":"https:\/\/staging.mosdorfer.com\/en\/wp-json\/wp\/v2\/comments?post=2172"}],"version-history":[{"count":11,"href":"https:\/\/staging.mosdorfer.com\/en\/wp-json\/wp\/v2\/pages\/2172\/revisions"}],"predecessor-version":[{"id":2355,"href":"https:\/\/staging.mosdorfer.com\/en\/wp-json\/wp\/v2\/pages\/2172\/revisions\/2355"}],"wp:attachment":[{"href":"https:\/\/staging.mosdorfer.com\/en\/wp-json\/wp\/v2\/media?parent=2172"}],"curies":[{"name":"wp","href":"https:\/\/api.w.org\/{rel}","templated":true}]}}